{"id":148,"date":"2019-10-05T06:04:15","date_gmt":"2019-10-05T06:04:15","guid":{"rendered":"http:\/\/dres-hero.de\/?page_id=148"},"modified":"2024-10-25T07:55:25","modified_gmt":"2024-10-25T07:55:25","slug":"uber-mich","status":"publish","type":"page","link":"https:\/\/dres-hero.de\/index.php\/dr-ing-tilo-ros\/uber-mich\/","title":{"rendered":"\u00dcber mich"},"content":{"rendered":"\n<p>Jahrgang: 1973,  Wohnort Radeberg <\/p>\n\n\n\n<h4 class=\"wp-block-heading\">Beruflicher Werdegang<\/h4>\n\n\n\n<figure class=\"wp-block-table\"><table class=\"has-fixed-layout\"><tbody><tr><td>7\/2008<br>Technische Universit\u00e4t Dresden<\/td><td> Abschluss des Promotionsverfahrens an der Fakult\u00e4t Verkehrswissenschaften \u201eFriedrich List\u201d; Titel der Dissertation: Neue Konzepte zur Abgasturboaufladung eines direkteinspritzenden Vierzylinder-Ottomotors; pr\u00e4miert mit dem Innovatiospreis des <a aria-label=\" (opens in a new tab)\" href=\"http:\/\/www.industrieclub-sachsen.de\" target=\"_blank\" rel=\"noreferrer noopener\">Industrieclubs Sachsen e.V.<\/a> 2008 <\/td><\/tr><tr><td>seit 9\/2007<br>Technische Universit\u00e4t Dresden<\/td><td>Wissenschaftlicher Oberassistent am <a aria-label=\" (opens in a new tab)\" href=\"https:\/\/tu-dresden.de\/bu\/verkehr\/iad\/lvm\" target=\"_blank\" rel=\"noreferrer noopener\">Lehrstuhl f\u00fcr Verbrennungsmotoren<\/a><\/td><\/tr><tr><td>6\/2003 \u2013 8\/2007<br>Technische Universit\u00e4t Dresden<\/td><td>Wissenschaftlicher Mitarbeiter am Lehrstuhl f\u00fcr Verbrennungsmotoren<\/td><\/tr><tr><td>10\/1997 \u2013 4\/2003<br>Technischen Universit\u00e4t Dresden<\/td><td>Studium Maschinenbau (Schwerpunkt Verbrennungsmotoren \/ Kraftfahrzeugtechnik) mit dem Abschluss Diplomingenieur; Titel der Diplomarbeit: Aufbau von Ladedruck- und Abgastemperaturregelstrukturen am ATL-Ottomotor sowie Optimierung des        dynamischen Verhaltens mit konventionellen Ma\u00dfnahmen; ausgezeichnet mit der Lohrmann-Medaille der Technischen Universit\u00e4t Dresden 2003 <\/td><\/tr><tr><td>11\/1996 \u2013 8\/1997<\/td><td> Wehrdienst <\/td><\/tr><tr><td>9\/1993 \u2013 6\/1996<\/td><td> Abitur am Beruflichen Schulzentrum Bau und Technik Dresden \u201eGeorge B\u00e4hr\u201c <\/td><\/tr><tr><td>9\/1990 \u2013&nbsp;7\/1993<br>Ingenieurschule f\u00fcr Maschinenbau Wildau <\/td><td>Studium Maschinenkonstruktion mit dem Abschluss Techniker f\u00fcr Maschinenkonstruktuion <\/td><\/tr><\/tbody><\/table><\/figure>\n\n\n\n<h4 class=\"wp-block-heading\"> Gesellschaftliches Engagement  und Gremienarbeit<\/h4>\n\n\n\n<p>aktiv in der Kommunalpolitik als <a aria-label=\" (opens in a new tab)\" href=\"http:\/\/frw-radeberg.de\" target=\"_blank\" rel=\"noreferrer noopener\">FREIER W\u00c4HLER<\/a> (f\u00fcr) <a aria-label=\" (opens in a new tab)\" href=\"http:\/\/www.radeberg.de\" target=\"_blank\" rel=\"noreferrer noopener\">RADEBERG <\/a>\u00a0<a aria-label=\"\ufffc (opens in a new tab)\" href=\"http:\/\/www.facebook.com\/frwradeberg\/\" target=\"_blank\" rel=\"noreferrer noopener\"><img loading=\"lazy\" decoding=\"async\" width=\"15\" height=\"15\" class=\"wp-image-164\" style=\"width: 15px;\" src=\"http:\/\/dres-hero.de\/wp-content\/uploads\/2019\/10\/Facebook_Logo_2019.png\" alt=\"\" srcset=\"https:\/\/dres-hero.de\/wp-content\/uploads\/2019\/10\/Facebook_Logo_2019.png 2143w, https:\/\/dres-hero.de\/wp-content\/uploads\/2019\/10\/Facebook_Logo_2019-150x150.png 150w, https:\/\/dres-hero.de\/wp-content\/uploads\/2019\/10\/Facebook_Logo_2019-300x300.png 300w, https:\/\/dres-hero.de\/wp-content\/uploads\/2019\/10\/Facebook_Logo_2019-768x768.png 768w, https:\/\/dres-hero.de\/wp-content\/uploads\/2019\/10\/Facebook_Logo_2019-1024x1024.png 1024w, https:\/\/dres-hero.de\/wp-content\/uploads\/2019\/10\/Facebook_Logo_2019-100x100.png 100w\" sizes=\"auto, (max-width: 15px) 100vw, 15px\" \/><\/a>\u00a0\u00a0\u00a0<a aria-label=\"\ufffc (opens in a new tab)\" href=\"https:\/\/www.instagram.com\/frw_radeberg\/\" target=\"_blank\" rel=\"noreferrer noopener\"><img loading=\"lazy\" decoding=\"async\" width=\"15\" height=\"15\" class=\"wp-image-167\" style=\"width: 15px;\" src=\"http:\/\/dres-hero.de\/wp-content\/uploads\/2019\/10\/Instagram_logo_2016.png\" alt=\"\" srcset=\"https:\/\/dres-hero.de\/wp-content\/uploads\/2019\/10\/Instagram_logo_2016.png 132w, https:\/\/dres-hero.de\/wp-content\/uploads\/2019\/10\/Instagram_logo_2016-100x100.png 100w\" sizes=\"auto, (max-width: 15px) 100vw, 15px\" \/><\/a><\/p>\n\n\n\n<p>Mitglied im Fakult\u00e4tsrat der Fakult\u00e4t Verkehrswissenschaften Friedrich List an der Technischen Universit\u00e4t Dresden (seit 2009)<\/p>\n\n\n\n<p>Mitglied im Promotionsauschuss der Fakult\u00e4t Verkehrswissenschaften Friedrich List an der Technischen Universit\u00e4t Dresden (2012 &#8211; 2021) <\/p>\n","protected":false},"excerpt":{"rendered":"<p>Jahrgang: 1973, Wohnort Radeberg Beruflicher Werdegang 7\/2008Technische Universit\u00e4t Dresden Abschluss des Promotionsverfahrens an der Fakult\u00e4t Verkehrswissenschaften \u201eFriedrich List\u201d; Titel der Dissertation: Neue Konzepte zur Abgasturboaufladung eines direkteinspritzenden Vierzylinder-Ottomotors; pr\u00e4miert mit dem Innovatiospreis des Industrieclubs Sachsen e.V. 2008 seit 9\/2007Technische Universit\u00e4t Dresden Wissenschaftlicher Oberassistent am Lehrstuhl f\u00fcr Verbrennungsmotoren 6\/2003 \u2013 8\/2007Technische Universit\u00e4t Dresden Wissenschaftlicher Mitarbeiter am &hellip; <\/p>\n<p class=\"link-more\"><a href=\"https:\/\/dres-hero.de\/index.php\/dr-ing-tilo-ros\/uber-mich\/\" class=\"more-link\">Continue reading<span class=\"screen-reader-text\"> &#8220;\u00dcber mich&#8221;<\/span><\/a><\/p>\n","protected":false},"author":1,"featured_media":0,"parent":120,"menu_order":0,"comment_status":"closed","ping_status":"closed","template":"","meta":{"footnotes":""},"class_list":["post-148","page","type-page","status-publish","hentry"],"_links":{"self":[{"href":"https:\/\/dres-hero.de\/index.php\/wp-json\/wp\/v2\/pages\/148","targetHints":{"allow":["GET"]}}],"collection":[{"href":"https:\/\/dres-hero.de\/index.php\/wp-json\/wp\/v2\/pages"}],"about":[{"href":"https:\/\/dres-hero.de\/index.php\/wp-json\/wp\/v2\/types\/page"}],"author":[{"embeddable":true,"href":"https:\/\/dres-hero.de\/index.php\/wp-json\/wp\/v2\/users\/1"}],"replies":[{"embeddable":true,"href":"https:\/\/dres-hero.de\/index.php\/wp-json\/wp\/v2\/comments?post=148"}],"version-history":[{"count":32,"href":"https:\/\/dres-hero.de\/index.php\/wp-json\/wp\/v2\/pages\/148\/revisions"}],"predecessor-version":[{"id":287,"href":"https:\/\/dres-hero.de\/index.php\/wp-json\/wp\/v2\/pages\/148\/revisions\/287"}],"up":[{"embeddable":true,"href":"https:\/\/dres-hero.de\/index.php\/wp-json\/wp\/v2\/pages\/120"}],"wp:attachment":[{"href":"https:\/\/dres-hero.de\/index.php\/wp-json\/wp\/v2\/media?parent=148"}],"curies":[{"name":"wp","href":"https:\/\/api.w.org\/{rel}","templated":true}]}}