{"id":108,"date":"2019-09-29T16:14:54","date_gmt":"2019-09-29T16:14:54","guid":{"rendered":"http:\/\/dres-hero.de\/?page_id=108"},"modified":"2022-11-27T16:34:43","modified_gmt":"2022-11-27T16:34:43","slug":"uber-mich","status":"publish","type":"page","link":"https:\/\/dres-hero.de\/index.php\/dr-antje-heine\/uber-mich\/","title":{"rendered":"\u00dcber mich"},"content":{"rendered":"\n<h4 class=\"wp-block-heading\">Berufliches<\/h4>\n\n\n\n<p>Seit mehr als 20 Jahren bin ich im Bereich des Deutschen als Fremd- und Zweitsprache t\u00e4tig. Aus verschiedenen Gr\u00fcnden entschloss ich mich, die Arbeit an der Universit\u00e4t aufzugeben und in den Schuldienst zu wechseln. Meine beruflichen Stationen sind dem <a href=\"http:\/\/dres-hero.de\/index.php\/dr-antje-heine\/lebenslauf\/\">Lebenslauf <\/a>zu entnehmen, weitere wichtige Eckpunkte sind hier aufgef\u00fchrt.<\/p>\n\n\n\n<p><strong>Fremdsprachen:<\/strong> Franz\u00f6sisch und Englisch; mit ein bisschen \u00dcbung auch wieder Spanisch, Russisch und Finnisch<\/p>\n\n\n\n<p><strong>Stipendien: <\/strong> Feodor-Lynen-Stipendium der Alexander von Humboldt-Stiftung,  Landesstipendium des Freistaates Sachsen (Promotionsstipendium),  DAAD-Praktikumsstipendium<\/p>\n\n\n\n<p><strong>Forschungsinteressen: <\/strong>Phraseologie, Konstruktionsgrammatik, Korpuslinguistik, Wissenschaftssprache, Sprache im Beruf, Lexikografie, kontrastive Linguistik<\/p>\n\n\n\n<h4 class=\"wp-block-heading\">Privates<\/h4>\n\n\n\n<p>Jahrgang: 1974,  Wohnort Radeberg <\/p>\n\n\n\n<p><strong>Interessen\/Hoobys:<\/strong> Sport (besonders schwimmen und Wintersport), lesen, Musik (abseits des Mainstreams) h\u00f6ren, reisen und auch sonst \u00fcber den eigenen Tellerrand schauen (daher auch das <a href=\"http:\/\/dres-hero.de\/index.php\/dr-antje-heine\/\">Humboldtzitat<\/a>)<\/p>\n","protected":false},"excerpt":{"rendered":"<p>Berufliches Seit mehr als 20 Jahren bin ich im Bereich des Deutschen als Fremd- und Zweitsprache t\u00e4tig. Aus verschiedenen Gr\u00fcnden entschloss ich mich, die Arbeit an der Universit\u00e4t aufzugeben und in den Schuldienst zu wechseln. Meine beruflichen Stationen sind dem Lebenslauf zu entnehmen, weitere wichtige Eckpunkte sind hier aufgef\u00fchrt. Fremdsprachen: Franz\u00f6sisch und Englisch; mit ein &hellip; <\/p>\n<p class=\"link-more\"><a href=\"https:\/\/dres-hero.de\/index.php\/dr-antje-heine\/uber-mich\/\" class=\"more-link\">Continue reading<span class=\"screen-reader-text\"> &#8220;\u00dcber mich&#8221;<\/span><\/a><\/p>\n","protected":false},"author":1,"featured_media":0,"parent":39,"menu_order":0,"comment_status":"closed","ping_status":"closed","template":"","meta":{"footnotes":""},"class_list":["post-108","page","type-page","status-publish","hentry"],"_links":{"self":[{"href":"https:\/\/dres-hero.de\/index.php\/wp-json\/wp\/v2\/pages\/108","targetHints":{"allow":["GET"]}}],"collection":[{"href":"https:\/\/dres-hero.de\/index.php\/wp-json\/wp\/v2\/pages"}],"about":[{"href":"https:\/\/dres-hero.de\/index.php\/wp-json\/wp\/v2\/types\/page"}],"author":[{"embeddable":true,"href":"https:\/\/dres-hero.de\/index.php\/wp-json\/wp\/v2\/users\/1"}],"replies":[{"embeddable":true,"href":"https:\/\/dres-hero.de\/index.php\/wp-json\/wp\/v2\/comments?post=108"}],"version-history":[{"count":26,"href":"https:\/\/dres-hero.de\/index.php\/wp-json\/wp\/v2\/pages\/108\/revisions"}],"predecessor-version":[{"id":250,"href":"https:\/\/dres-hero.de\/index.php\/wp-json\/wp\/v2\/pages\/108\/revisions\/250"}],"up":[{"embeddable":true,"href":"https:\/\/dres-hero.de\/index.php\/wp-json\/wp\/v2\/pages\/39"}],"wp:attachment":[{"href":"https:\/\/dres-hero.de\/index.php\/wp-json\/wp\/v2\/media?parent=108"}],"curies":[{"name":"wp","href":"https:\/\/api.w.org\/{rel}","templated":true}]}}